{"id":4152,"date":"2021-10-24T21:40:43","date_gmt":"2021-10-24T21:40:43","guid":{"rendered":"https:\/\/restaurant-salzhaus.ch\/hotel\/"},"modified":"2026-03-12T16:05:40","modified_gmt":"2026-03-12T16:05:40","slug":"hotel","status":"publish","type":"page","link":"https:\/\/restaurant-salzhaus.ch\/fr\/hotel\/","title":{"rendered":"Hotel"},"content":{"rendered":"","protected":false},"excerpt":{"rendered":"","protected":false},"author":3,"featured_media":0,"parent":0,"menu_order":9,"comment_status":"closed","ping_status":"closed","template":"views\/template-subpage.blade.php","meta":{"_acf_changed":false,"inline_featured_image":false},"class_list":["post-4152","page","type-page","status-publish","hentry"],"acf":{"subpage_entry":{"title":"<h1>Les h\u00f4tels de la Genossenschaft Baseltor<\/h1>\n","text-sections":[{"subtitle":"Passez la nuit dans la plus belle ville baroque de Suisse","text":"<p>Avec les deux Swiss Historic Hotels Baseltor et La Couronne, deux des meilleurs h\u00f4tels de la ville de Soleure font partie de la coop\u00e9rative Baseltor. Profitez d&#8217;une nuit dans la porte historique de la ville ou dans la deuxi\u00e8me plus ancienne auberge de Suisse. L&#8217;offre est compl\u00e9t\u00e9e par la Klosterherberge Solothurn, un h\u00e9bergement unique dans l&#8217;aile historique du monast\u00e8re Namen Jesu. Que ce soit dans un h\u00f4tel-boutique de la vieille ville ou dans un refuge au monast\u00e8re, nous nous r\u00e9jouissons de votre visite.<\/p>\n"}],"link-lists":false,"image-element":{"image":false,"caption":""}},"elements":[{"acf_fc_layout":"link-teaser","link-teaser":{"":null,"teaser_per_row":false,"lead":"","teasers":[{"tagline":"H\u00f4tel-boutique 4 \u00e9toiles","title":"La Couronne","image":{"ID":3394,"id":3394,"title":"LaCouronne_Solothurn_mitKathedrale-aspect-ratio-509-352","filename":"LaCouronne_Solothurn_mitKathedrale-aspect-ratio-509-352.jpg","filesize":1052434,"url":"https:\/\/restaurant-salzhaus.ch\/app\/uploads\/2021\/10\/LaCouronne_Solothurn_mitKathedrale-aspect-ratio-509-352.jpg","link":"https:\/\/restaurant-salzhaus.ch\/fr\/hotel\/lacouronne_solothurn_mitkathedrale-aspect-ratio-509-352\/","alt":"","author":"3","description":"","caption":"","name":"lacouronne_solothurn_mitkathedrale-aspect-ratio-509-352","status":"inherit","uploaded_to":3393,"date":"2021-10-24 21:36:39","modified":"2021-10-24 21:40:43","menu_order":0,"mime_type":"image\/jpeg","type":"image","subtype":"jpeg","icon":"https:\/\/restaurant-salzhaus.ch\/wp\/wp-includes\/images\/media\/default.png","width":2500,"height":1729,"sizes":{"thumbnail":"https:\/\/restaurant-salzhaus.ch\/app\/uploads\/2021\/10\/LaCouronne_Solothurn_mitKathedrale-aspect-ratio-509-352-150x150.jpg","thumbnail-width":150,"thumbnail-height":150,"medium":"https:\/\/restaurant-salzhaus.ch\/app\/uploads\/2021\/10\/LaCouronne_Solothurn_mitKathedrale-aspect-ratio-509-352-300x207.jpg","medium-width":300,"medium-height":207,"medium_large":"https:\/\/restaurant-salzhaus.ch\/app\/uploads\/2021\/10\/LaCouronne_Solothurn_mitKathedrale-aspect-ratio-509-352-768x531.jpg","medium_large-width":768,"medium_large-height":531,"large":"https:\/\/restaurant-salzhaus.ch\/app\/uploads\/2021\/10\/LaCouronne_Solothurn_mitKathedrale-aspect-ratio-509-352-1024x708.jpg","large-width":1024,"large-height":708,"1536x1536":"https:\/\/restaurant-salzhaus.ch\/app\/uploads\/2021\/10\/LaCouronne_Solothurn_mitKathedrale-aspect-ratio-509-352-1536x1062.jpg","1536x1536-width":1536,"1536x1536-height":1062,"2048x2048":"https:\/\/restaurant-salzhaus.ch\/app\/uploads\/2021\/10\/LaCouronne_Solothurn_mitKathedrale-aspect-ratio-509-352-2048x1416.jpg","2048x2048-width":2048,"2048x2048-height":1416},"original_image":{"ID":2848,"id":2848,"title":"LaCouronne_Solothurn_mitKathedrale","filename":"LaCouronne_Solothurn_mitKathedrale.jpg","filesize":816372,"url":"https:\/\/restaurant-salzhaus.ch\/app\/uploads\/2021\/10\/LaCouronne_Solothurn_mitKathedrale.jpg","link":"https:\/\/restaurant-salzhaus.ch\/fr\/aktuelles-und-events\/news\/lacouronne_solothurn_mitkathedrale\/","alt":"","author":"2","description":"","caption":"","name":"lacouronne_solothurn_mitkathedrale","status":"inherit","uploaded_to":1129,"date":"2021-10-07 12:50:44","modified":"2021-10-07 12:50:44","menu_order":0,"mime_type":"image\/jpeg","type":"image","subtype":"jpeg","icon":"https:\/\/restaurant-salzhaus.ch\/wp\/wp-includes\/images\/media\/default.png","width":2500,"height":2007,"sizes":{"thumbnail":"https:\/\/restaurant-salzhaus.ch\/app\/uploads\/2021\/10\/LaCouronne_Solothurn_mitKathedrale-150x150.jpg","thumbnail-width":150,"thumbnail-height":150,"medium":"https:\/\/restaurant-salzhaus.ch\/app\/uploads\/2021\/10\/LaCouronne_Solothurn_mitKathedrale-300x241.jpg","medium-width":300,"medium-height":241,"medium_large":"https:\/\/restaurant-salzhaus.ch\/app\/uploads\/2021\/10\/LaCouronne_Solothurn_mitKathedrale-768x617.jpg","medium_large-width":768,"medium_large-height":617,"large":"https:\/\/restaurant-salzhaus.ch\/app\/uploads\/2021\/10\/LaCouronne_Solothurn_mitKathedrale-1024x822.jpg","large-width":1024,"large-height":822,"1536x1536":"https:\/\/restaurant-salzhaus.ch\/app\/uploads\/2021\/10\/LaCouronne_Solothurn_mitKathedrale-1536x1233.jpg","1536x1536-width":1536,"1536x1536-height":1233,"2048x2048":"https:\/\/restaurant-salzhaus.ch\/app\/uploads\/2021\/10\/LaCouronne_Solothurn_mitKathedrale-2048x1644.jpg","2048x2048-width":2048,"2048x2048-height":1644}}},"text":"<p>Au c\u0153ur de la vieille ville de Soleure, nos coll\u00e8gues vous accueillent dans les murs historiques du deuxi\u00e8me plus vieil h\u00f4tel de Suisse.<\/p>\n","link":{"title":"La Couronne Hotel Restaurant","url":"https:\/\/www.lacouronne-solothurn.ch\/","target":"_blank"}},{"tagline":"H\u00f4tel-boutique 3 \u00e9toiles","title":"Baseltor","image":{"ID":7255,"id":7255,"title":"Baseltor_Hotel_Restaurant_Solothurn_Riedholzplatz-aspect-ratio-509-352","filename":"Baseltor_Hotel_Restaurant_Solothurn_Riedholzplatz-aspect-ratio-509-352.jpg","filesize":1003781,"url":"https:\/\/restaurant-salzhaus.ch\/app\/uploads\/2026\/03\/Baseltor_Hotel_Restaurant_Solothurn_Riedholzplatz-aspect-ratio-509-352.jpg","link":"https:\/\/restaurant-salzhaus.ch\/fr\/hotel\/baseltor_hotel_restaurant_solothurn_riedholzplatz-aspect-ratio-509-352-2\/","alt":"","author":"1","description":"","caption":"","name":"baseltor_hotel_restaurant_solothurn_riedholzplatz-aspect-ratio-509-352-2","status":"inherit","uploaded_to":4152,"date":"2026-03-12 16:01:51","modified":"2026-03-12 16:01:51","menu_order":0,"mime_type":"image\/jpeg","type":"image","subtype":"jpeg","icon":"https:\/\/restaurant-salzhaus.ch\/wp\/wp-includes\/images\/media\/default.png","width":2410,"height":1667,"sizes":{"thumbnail":"https:\/\/restaurant-salzhaus.ch\/app\/uploads\/2026\/03\/Baseltor_Hotel_Restaurant_Solothurn_Riedholzplatz-aspect-ratio-509-352-150x150.jpg","thumbnail-width":150,"thumbnail-height":150,"medium":"https:\/\/restaurant-salzhaus.ch\/app\/uploads\/2026\/03\/Baseltor_Hotel_Restaurant_Solothurn_Riedholzplatz-aspect-ratio-509-352-300x208.jpg","medium-width":300,"medium-height":208,"medium_large":"https:\/\/restaurant-salzhaus.ch\/app\/uploads\/2026\/03\/Baseltor_Hotel_Restaurant_Solothurn_Riedholzplatz-aspect-ratio-509-352-768x531.jpg","medium_large-width":768,"medium_large-height":531,"large":"https:\/\/restaurant-salzhaus.ch\/app\/uploads\/2026\/03\/Baseltor_Hotel_Restaurant_Solothurn_Riedholzplatz-aspect-ratio-509-352-1024x708.jpg","large-width":1024,"large-height":708,"1536x1536":"https:\/\/restaurant-salzhaus.ch\/app\/uploads\/2026\/03\/Baseltor_Hotel_Restaurant_Solothurn_Riedholzplatz-aspect-ratio-509-352-1536x1062.jpg","1536x1536-width":1536,"1536x1536-height":1062,"2048x2048":"https:\/\/restaurant-salzhaus.ch\/app\/uploads\/2026\/03\/Baseltor_Hotel_Restaurant_Solothurn_Riedholzplatz-aspect-ratio-509-352-2048x1417.jpg","2048x2048-width":2048,"2048x2048-height":1417},"original_image":null},"text":"<p>Le Baseltor est une institution soleuroise et un lieu de rencontre appr\u00e9ci\u00e9 des \u00e9picuriens. Les chambres individuelles d\u00e9gagent un charme tout particulier.<\/p>\n","link":{"title":"Baseltor Restaurant Hotel","url":"https:\/\/www.baseltor.ch\/","target":"_blank"}},{"tagline":"Auberge","title":"Klosterherberge Solothurn","image":{"ID":7252,"id":7252,"title":"Klosterherberge_5-aspect-ratio-509-352-1","filename":"Klosterherberge_5-aspect-ratio-509-352-1.jpg","filesize":705579,"url":"https:\/\/restaurant-salzhaus.ch\/app\/uploads\/2026\/03\/Klosterherberge_5-aspect-ratio-509-352-1.jpg","link":"https:\/\/restaurant-salzhaus.ch\/fr\/hotel\/klosterherberge_5-aspect-ratio-509-352-1-2\/","alt":"","author":"1","description":"","caption":"","name":"klosterherberge_5-aspect-ratio-509-352-1-2","status":"inherit","uploaded_to":4152,"date":"2026-03-12 16:01:48","modified":"2026-03-12 16:01:48","menu_order":0,"mime_type":"image\/jpeg","type":"image","subtype":"jpeg","icon":"https:\/\/restaurant-salzhaus.ch\/wp\/wp-includes\/images\/media\/default.png","width":1742,"height":1205,"sizes":{"thumbnail":"https:\/\/restaurant-salzhaus.ch\/app\/uploads\/2026\/03\/Klosterherberge_5-aspect-ratio-509-352-1-150x150.jpg","thumbnail-width":150,"thumbnail-height":150,"medium":"https:\/\/restaurant-salzhaus.ch\/app\/uploads\/2026\/03\/Klosterherberge_5-aspect-ratio-509-352-1-300x208.jpg","medium-width":300,"medium-height":208,"medium_large":"https:\/\/restaurant-salzhaus.ch\/app\/uploads\/2026\/03\/Klosterherberge_5-aspect-ratio-509-352-1-768x531.jpg","medium_large-width":768,"medium_large-height":531,"large":"https:\/\/restaurant-salzhaus.ch\/app\/uploads\/2026\/03\/Klosterherberge_5-aspect-ratio-509-352-1-1024x708.jpg","large-width":1024,"large-height":708,"1536x1536":"https:\/\/restaurant-salzhaus.ch\/app\/uploads\/2026\/03\/Klosterherberge_5-aspect-ratio-509-352-1-1536x1063.jpg","1536x1536-width":1536,"1536x1536-height":1063,"2048x2048":"https:\/\/restaurant-salzhaus.ch\/app\/uploads\/2026\/03\/Klosterherberge_5-aspect-ratio-509-352-1.jpg","2048x2048-width":1742,"2048x2048-height":1205},"original_image":null},"text":"<p>La Klosterherberge Solothurn est un h\u00e9bergement unique situ\u00e9 dans l\u2019aile historique du couvent Namen Jesu.<\/p>\n","link":{"title":"Klosterherberge Solothurn","url":"https:\/\/klosterherberge-solothurn.ch\/fr\/","target":"_blank"}}]}}],"subpage_elements":{"elements":[{"acf_fc_layout":"link-teaser","link-teaser":{"":null,"teaser_per_row":false,"lead":"","teasers":[{"tagline":"H\u00f4tel-boutique 4 \u00e9toiles","title":"La Couronne","image":{"ID":3394,"id":3394,"title":"LaCouronne_Solothurn_mitKathedrale-aspect-ratio-509-352","filename":"LaCouronne_Solothurn_mitKathedrale-aspect-ratio-509-352.jpg","filesize":1052434,"url":"https:\/\/restaurant-salzhaus.ch\/app\/uploads\/2021\/10\/LaCouronne_Solothurn_mitKathedrale-aspect-ratio-509-352.jpg","link":"https:\/\/restaurant-salzhaus.ch\/fr\/hotel\/lacouronne_solothurn_mitkathedrale-aspect-ratio-509-352\/","alt":"","author":"3","description":"","caption":"","name":"lacouronne_solothurn_mitkathedrale-aspect-ratio-509-352","status":"inherit","uploaded_to":3393,"date":"2021-10-24 21:36:39","modified":"2021-10-24 21:40:43","menu_order":0,"mime_type":"image\/jpeg","type":"image","subtype":"jpeg","icon":"https:\/\/restaurant-salzhaus.ch\/wp\/wp-includes\/images\/media\/default.png","width":2500,"height":1729,"sizes":{"thumbnail":"https:\/\/restaurant-salzhaus.ch\/app\/uploads\/2021\/10\/LaCouronne_Solothurn_mitKathedrale-aspect-ratio-509-352-150x150.jpg","thumbnail-width":150,"thumbnail-height":150,"medium":"https:\/\/restaurant-salzhaus.ch\/app\/uploads\/2021\/10\/LaCouronne_Solothurn_mitKathedrale-aspect-ratio-509-352-300x207.jpg","medium-width":300,"medium-height":207,"medium_large":"https:\/\/restaurant-salzhaus.ch\/app\/uploads\/2021\/10\/LaCouronne_Solothurn_mitKathedrale-aspect-ratio-509-352-768x531.jpg","medium_large-width":768,"medium_large-height":531,"large":"https:\/\/restaurant-salzhaus.ch\/app\/uploads\/2021\/10\/LaCouronne_Solothurn_mitKathedrale-aspect-ratio-509-352-1024x708.jpg","large-width":1024,"large-height":708,"1536x1536":"https:\/\/restaurant-salzhaus.ch\/app\/uploads\/2021\/10\/LaCouronne_Solothurn_mitKathedrale-aspect-ratio-509-352-1536x1062.jpg","1536x1536-width":1536,"1536x1536-height":1062,"2048x2048":"https:\/\/restaurant-salzhaus.ch\/app\/uploads\/2021\/10\/LaCouronne_Solothurn_mitKathedrale-aspect-ratio-509-352-2048x1416.jpg","2048x2048-width":2048,"2048x2048-height":1416},"original_image":{"ID":2848,"id":2848,"title":"LaCouronne_Solothurn_mitKathedrale","filename":"LaCouronne_Solothurn_mitKathedrale.jpg","filesize":816372,"url":"https:\/\/restaurant-salzhaus.ch\/app\/uploads\/2021\/10\/LaCouronne_Solothurn_mitKathedrale.jpg","link":"https:\/\/restaurant-salzhaus.ch\/fr\/aktuelles-und-events\/news\/lacouronne_solothurn_mitkathedrale\/","alt":"","author":"2","description":"","caption":"","name":"lacouronne_solothurn_mitkathedrale","status":"inherit","uploaded_to":1129,"date":"2021-10-07 12:50:44","modified":"2021-10-07 12:50:44","menu_order":0,"mime_type":"image\/jpeg","type":"image","subtype":"jpeg","icon":"https:\/\/restaurant-salzhaus.ch\/wp\/wp-includes\/images\/media\/default.png","width":2500,"height":2007,"sizes":{"thumbnail":"https:\/\/restaurant-salzhaus.ch\/app\/uploads\/2021\/10\/LaCouronne_Solothurn_mitKathedrale-150x150.jpg","thumbnail-width":150,"thumbnail-height":150,"medium":"https:\/\/restaurant-salzhaus.ch\/app\/uploads\/2021\/10\/LaCouronne_Solothurn_mitKathedrale-300x241.jpg","medium-width":300,"medium-height":241,"medium_large":"https:\/\/restaurant-salzhaus.ch\/app\/uploads\/2021\/10\/LaCouronne_Solothurn_mitKathedrale-768x617.jpg","medium_large-width":768,"medium_large-height":617,"large":"https:\/\/restaurant-salzhaus.ch\/app\/uploads\/2021\/10\/LaCouronne_Solothurn_mitKathedrale-1024x822.jpg","large-width":1024,"large-height":822,"1536x1536":"https:\/\/restaurant-salzhaus.ch\/app\/uploads\/2021\/10\/LaCouronne_Solothurn_mitKathedrale-1536x1233.jpg","1536x1536-width":1536,"1536x1536-height":1233,"2048x2048":"https:\/\/restaurant-salzhaus.ch\/app\/uploads\/2021\/10\/LaCouronne_Solothurn_mitKathedrale-2048x1644.jpg","2048x2048-width":2048,"2048x2048-height":1644}}},"text":"<p>Au c\u0153ur de la vieille ville de Soleure, nos coll\u00e8gues vous accueillent dans les murs historiques du deuxi\u00e8me plus vieil h\u00f4tel de Suisse.<\/p>\n","link":{"title":"La Couronne Hotel Restaurant","url":"https:\/\/www.lacouronne-solothurn.ch\/","target":"_blank"}},{"tagline":"H\u00f4tel-boutique 3 \u00e9toiles","title":"Baseltor","image":{"ID":7255,"id":7255,"title":"Baseltor_Hotel_Restaurant_Solothurn_Riedholzplatz-aspect-ratio-509-352","filename":"Baseltor_Hotel_Restaurant_Solothurn_Riedholzplatz-aspect-ratio-509-352.jpg","filesize":1003781,"url":"https:\/\/restaurant-salzhaus.ch\/app\/uploads\/2026\/03\/Baseltor_Hotel_Restaurant_Solothurn_Riedholzplatz-aspect-ratio-509-352.jpg","link":"https:\/\/restaurant-salzhaus.ch\/fr\/hotel\/baseltor_hotel_restaurant_solothurn_riedholzplatz-aspect-ratio-509-352-2\/","alt":"","author":"1","description":"","caption":"","name":"baseltor_hotel_restaurant_solothurn_riedholzplatz-aspect-ratio-509-352-2","status":"inherit","uploaded_to":4152,"date":"2026-03-12 16:01:51","modified":"2026-03-12 16:01:51","menu_order":0,"mime_type":"image\/jpeg","type":"image","subtype":"jpeg","icon":"https:\/\/restaurant-salzhaus.ch\/wp\/wp-includes\/images\/media\/default.png","width":2410,"height":1667,"sizes":{"thumbnail":"https:\/\/restaurant-salzhaus.ch\/app\/uploads\/2026\/03\/Baseltor_Hotel_Restaurant_Solothurn_Riedholzplatz-aspect-ratio-509-352-150x150.jpg","thumbnail-width":150,"thumbnail-height":150,"medium":"https:\/\/restaurant-salzhaus.ch\/app\/uploads\/2026\/03\/Baseltor_Hotel_Restaurant_Solothurn_Riedholzplatz-aspect-ratio-509-352-300x208.jpg","medium-width":300,"medium-height":208,"medium_large":"https:\/\/restaurant-salzhaus.ch\/app\/uploads\/2026\/03\/Baseltor_Hotel_Restaurant_Solothurn_Riedholzplatz-aspect-ratio-509-352-768x531.jpg","medium_large-width":768,"medium_large-height":531,"large":"https:\/\/restaurant-salzhaus.ch\/app\/uploads\/2026\/03\/Baseltor_Hotel_Restaurant_Solothurn_Riedholzplatz-aspect-ratio-509-352-1024x708.jpg","large-width":1024,"large-height":708,"1536x1536":"https:\/\/restaurant-salzhaus.ch\/app\/uploads\/2026\/03\/Baseltor_Hotel_Restaurant_Solothurn_Riedholzplatz-aspect-ratio-509-352-1536x1062.jpg","1536x1536-width":1536,"1536x1536-height":1062,"2048x2048":"https:\/\/restaurant-salzhaus.ch\/app\/uploads\/2026\/03\/Baseltor_Hotel_Restaurant_Solothurn_Riedholzplatz-aspect-ratio-509-352-2048x1417.jpg","2048x2048-width":2048,"2048x2048-height":1417},"original_image":null},"text":"<p>Le Baseltor est une institution soleuroise et un lieu de rencontre appr\u00e9ci\u00e9 des \u00e9picuriens. Les chambres individuelles d\u00e9gagent un charme tout particulier.<\/p>\n","link":{"title":"Baseltor Restaurant Hotel","url":"https:\/\/www.baseltor.ch\/","target":"_blank"}},{"tagline":"Auberge","title":"Klosterherberge Solothurn","image":{"ID":7252,"id":7252,"title":"Klosterherberge_5-aspect-ratio-509-352-1","filename":"Klosterherberge_5-aspect-ratio-509-352-1.jpg","filesize":705579,"url":"https:\/\/restaurant-salzhaus.ch\/app\/uploads\/2026\/03\/Klosterherberge_5-aspect-ratio-509-352-1.jpg","link":"https:\/\/restaurant-salzhaus.ch\/fr\/hotel\/klosterherberge_5-aspect-ratio-509-352-1-2\/","alt":"","author":"1","description":"","caption":"","name":"klosterherberge_5-aspect-ratio-509-352-1-2","status":"inherit","uploaded_to":4152,"date":"2026-03-12 16:01:48","modified":"2026-03-12 16:01:48","menu_order":0,"mime_type":"image\/jpeg","type":"image","subtype":"jpeg","icon":"https:\/\/restaurant-salzhaus.ch\/wp\/wp-includes\/images\/media\/default.png","width":1742,"height":1205,"sizes":{"thumbnail":"https:\/\/restaurant-salzhaus.ch\/app\/uploads\/2026\/03\/Klosterherberge_5-aspect-ratio-509-352-1-150x150.jpg","thumbnail-width":150,"thumbnail-height":150,"medium":"https:\/\/restaurant-salzhaus.ch\/app\/uploads\/2026\/03\/Klosterherberge_5-aspect-ratio-509-352-1-300x208.jpg","medium-width":300,"medium-height":208,"medium_large":"https:\/\/restaurant-salzhaus.ch\/app\/uploads\/2026\/03\/Klosterherberge_5-aspect-ratio-509-352-1-768x531.jpg","medium_large-width":768,"medium_large-height":531,"large":"https:\/\/restaurant-salzhaus.ch\/app\/uploads\/2026\/03\/Klosterherberge_5-aspect-ratio-509-352-1-1024x708.jpg","large-width":1024,"large-height":708,"1536x1536":"https:\/\/restaurant-salzhaus.ch\/app\/uploads\/2026\/03\/Klosterherberge_5-aspect-ratio-509-352-1-1536x1063.jpg","1536x1536-width":1536,"1536x1536-height":1063,"2048x2048":"https:\/\/restaurant-salzhaus.ch\/app\/uploads\/2026\/03\/Klosterherberge_5-aspect-ratio-509-352-1.jpg","2048x2048-width":1742,"2048x2048-height":1205},"original_image":null},"text":"<p>La Klosterherberge Solothurn est un h\u00e9bergement unique situ\u00e9 dans l\u2019aile historique du couvent Namen Jesu.<\/p>\n","link":{"title":"Klosterherberge Solothurn","url":"https:\/\/klosterherberge-solothurn.ch\/fr\/","target":"_blank"}}]}}]},"seo":{"active":true,"title":"Les h\u00f4tels de la Genossenschaft Baseltor","text":"Avec les deux Swiss Historic Hotels Baseltor et La Couronne, deux des meilleurs h\u00f4tels de la ville de Soleure font partie de la coop\u00e9rative Baseltor. Profitez d'une nuit dans la porte historique de la ville ou dans la deuxi\u00e8me plus ancienne auberge de Suisse. L'offre est compl\u00e9t\u00e9e par la Klosterherberge Solothurn, un h\u00e9bergement unique dans l'aile historique du monast\u00e8re Namen Jesu. ","image":false,"keywords":""}},"_links":{"self":[{"href":"https:\/\/restaurant-salzhaus.ch\/fr\/wp-json\/wp\/v2\/pages\/4152","targetHints":{"allow":["GET"]}}],"collection":[{"href":"https:\/\/restaurant-salzhaus.ch\/fr\/wp-json\/wp\/v2\/pages"}],"about":[{"href":"https:\/\/restaurant-salzhaus.ch\/fr\/wp-json\/wp\/v2\/types\/page"}],"author":[{"embeddable":true,"href":"https:\/\/restaurant-salzhaus.ch\/fr\/wp-json\/wp\/v2\/users\/3"}],"replies":[{"embeddable":true,"href":"https:\/\/restaurant-salzhaus.ch\/fr\/wp-json\/wp\/v2\/comments?post=4152"}],"version-history":[{"count":4,"href":"https:\/\/restaurant-salzhaus.ch\/fr\/wp-json\/wp\/v2\/pages\/4152\/revisions"}],"predecessor-version":[{"id":7258,"href":"https:\/\/restaurant-salzhaus.ch\/fr\/wp-json\/wp\/v2\/pages\/4152\/revisions\/7258"}],"wp:attachment":[{"href":"https:\/\/restaurant-salzhaus.ch\/fr\/wp-json\/wp\/v2\/media?parent=4152"}],"curies":[{"name":"wp","href":"https:\/\/api.w.org\/{rel}","templated":true}]}}