{"id":4166,"date":"2021-05-31T06:27:39","date_gmt":"2021-05-31T06:27:39","guid":{"rendered":"https:\/\/restaurant-salzhaus.ch\/aktuelles-und-events\/"},"modified":"2021-12-08T17:14:58","modified_gmt":"2021-12-08T17:14:58","slug":"actualites-et-evenements","status":"publish","type":"page","link":"https:\/\/restaurant-salzhaus.ch\/fr\/actualites-et-evenements\/","title":{"rendered":"Actualit\u00e9s et \u00e9v\u00e9nements"},"content":{"rendered":"","protected":false},"excerpt":{"rendered":"","protected":false},"author":1,"featured_media":0,"parent":0,"menu_order":39,"comment_status":"closed","ping_status":"closed","template":"","meta":{"_acf_changed":false,"inline_featured_image":false},"class_list":["post-4166","page","type-page","status-publish","hentry"],"acf":{"seo":{"active":true,"title":"Actualit\u00e9s et \u00e9v\u00e9nements","text":"Il se passe toujours quelque chose chez nous et dans nos entreprises partenaires du groupe Baseltor.","image":{"ID":2843,"id":2843,"title":"Solheure_Bar_Restaurant_Lounge_Solothurn_SummerJam_Konzert_Event_Musik","filename":"Solheure_Bar_Restaurant_Lounge_Solothurn_SummerJam_Konzert_Event_Musik.jpg","filesize":710742,"url":"https:\/\/restaurant-salzhaus.ch\/app\/uploads\/2021\/10\/Solheure_Bar_Restaurant_Lounge_Solothurn_SummerJam_Konzert_Event_Musik.jpg","link":"https:\/\/restaurant-salzhaus.ch\/fr\/aktuelles-und-events\/solheure_bar_restaurant_lounge_solothurn_summerjam_konzert_event_musik\/","alt":"","author":"2","description":"","caption":"","name":"solheure_bar_restaurant_lounge_solothurn_summerjam_konzert_event_musik","status":"inherit","uploaded_to":35,"date":"2021-10-07 12:47:11","modified":"2021-10-07 12:47:11","menu_order":0,"mime_type":"image\/jpeg","type":"image","subtype":"jpeg","icon":"https:\/\/restaurant-salzhaus.ch\/wp\/wp-includes\/images\/media\/default.png","width":2500,"height":1667,"sizes":{"thumbnail":"https:\/\/restaurant-salzhaus.ch\/app\/uploads\/2021\/10\/Solheure_Bar_Restaurant_Lounge_Solothurn_SummerJam_Konzert_Event_Musik-150x150.jpg","thumbnail-width":150,"thumbnail-height":150,"medium":"https:\/\/restaurant-salzhaus.ch\/app\/uploads\/2021\/10\/Solheure_Bar_Restaurant_Lounge_Solothurn_SummerJam_Konzert_Event_Musik-300x200.jpg","medium-width":300,"medium-height":200,"medium_large":"https:\/\/restaurant-salzhaus.ch\/app\/uploads\/2021\/10\/Solheure_Bar_Restaurant_Lounge_Solothurn_SummerJam_Konzert_Event_Musik-768x512.jpg","medium_large-width":768,"medium_large-height":512,"large":"https:\/\/restaurant-salzhaus.ch\/app\/uploads\/2021\/10\/Solheure_Bar_Restaurant_Lounge_Solothurn_SummerJam_Konzert_Event_Musik-1024x683.jpg","large-width":1024,"large-height":683,"1536x1536":"https:\/\/restaurant-salzhaus.ch\/app\/uploads\/2021\/10\/Solheure_Bar_Restaurant_Lounge_Solothurn_SummerJam_Konzert_Event_Musik-1536x1024.jpg","1536x1536-width":1536,"1536x1536-height":1024,"2048x2048":"https:\/\/restaurant-salzhaus.ch\/app\/uploads\/2021\/10\/Solheure_Bar_Restaurant_Lounge_Solothurn_SummerJam_Konzert_Event_Musik-2048x1366.jpg","2048x2048-width":2048,"2048x2048-height":1366}},"keywords":""}},"_links":{"self":[{"href":"https:\/\/restaurant-salzhaus.ch\/fr\/wp-json\/wp\/v2\/pages\/4166","targetHints":{"allow":["GET"]}}],"collection":[{"href":"https:\/\/restaurant-salzhaus.ch\/fr\/wp-json\/wp\/v2\/pages"}],"about":[{"href":"https:\/\/restaurant-salzhaus.ch\/fr\/wp-json\/wp\/v2\/types\/page"}],"author":[{"embeddable":true,"href":"https:\/\/restaurant-salzhaus.ch\/fr\/wp-json\/wp\/v2\/users\/1"}],"replies":[{"embeddable":true,"href":"https:\/\/restaurant-salzhaus.ch\/fr\/wp-json\/wp\/v2\/comments?post=4166"}],"version-history":[{"count":2,"href":"https:\/\/restaurant-salzhaus.ch\/fr\/wp-json\/wp\/v2\/pages\/4166\/revisions"}],"predecessor-version":[{"id":4196,"href":"https:\/\/restaurant-salzhaus.ch\/fr\/wp-json\/wp\/v2\/pages\/4166\/revisions\/4196"}],"wp:attachment":[{"href":"https:\/\/restaurant-salzhaus.ch\/fr\/wp-json\/wp\/v2\/media?parent=4166"}],"curies":[{"name":"wp","href":"https:\/\/api.w.org\/{rel}","templated":true}]}}