{"id":4172,"date":"2021-08-27T15:19:47","date_gmt":"2021-08-27T15:19:47","guid":{"rendered":"https:\/\/restaurant-salzhaus.ch\/gutscheine\/"},"modified":"2022-07-21T07:42:34","modified_gmt":"2022-07-21T07:42:34","slug":"bons-cadeaux","status":"publish","type":"page","link":"https:\/\/restaurant-salzhaus.ch\/fr\/bons-cadeaux\/","title":{"rendered":"Bons cadeaux"},"content":{"rendered":"","protected":false},"excerpt":{"rendered":"","protected":false},"author":1,"featured_media":0,"parent":0,"menu_order":47,"comment_status":"closed","ping_status":"closed","template":"views\/template-subpage.blade.php","meta":{"_acf_changed":false,"inline_featured_image":false},"class_list":["post-4172","page","type-page","status-publish","hentry"],"acf":{"subpage_entry":{"title":"<h1>Bons cadeaux<\/h1>\n","text-sections":[{"subtitle":"","text":"<p><span style=\"font-weight: 400;\">Un bon cadeau Salzhaus, c\u2019est la garantie d\u2019une exp\u00e9rience inoubliable, faite de plaisir et de d\u00e9tente. Vous recherchez plus de flexibilit\u00e9? Alors, le bon cadeau de la Genossenschaft Baseltor est fait pour vous, car il est valable dans cinq \u00e9tablissements: le <a href=\"https:\/\/www.baseltor.ch\">Baseltor<\/a>, <a href=\"https:\/\/www.solheure.ch\">Solheure<\/a>, <a href=\"https:\/\/www.viktor-solothurn.ch\">Viktor<\/a>,\u00a0<a href=\"https:\/\/www.lacouronne-solothurn.ch\">La Couronne <\/a><\/span><span style=\"font-weight: 400;\">et chez nous. Offrez de d\u00e9licieux moments!<\/span><\/p>\n"},{"subtitle":"Comment \u00e7a marche?","text":"<p>Dans notre online shop, vous pouvez commander un bon cadeau directement dans votre inbox.<br \/>\nEn option, les bons peuvent encore \u00eatre achet\u00e9s dans notre restaurant pendant les heures d&#8217;ouverture.<\/p>\n"}],"link-lists":[{"title":"","entries":[{"typ":"voucher","link":{"title":"Online Shop print@home","url":"https:\/\/shop.e-vou.com\/?companyid=3&locationid=35&lang=de&PHPSESSID=bbe277cc27a810383bfd3d3de40a2fbd","target":""},"file":false,"label":"Online-Shop print@home","url":"https:\/\/shop.e-vou.com\/?companyid=3&locationid=35&lang=de"}]}],"image-element":{"image":false,"caption":""}},"elements":false,"subpage_elements":{"elements":false},"seo":{"active":true,"title":"","text":"","image":false,"keywords":""}},"_links":{"self":[{"href":"https:\/\/restaurant-salzhaus.ch\/fr\/wp-json\/wp\/v2\/pages\/4172","targetHints":{"allow":["GET"]}}],"collection":[{"href":"https:\/\/restaurant-salzhaus.ch\/fr\/wp-json\/wp\/v2\/pages"}],"about":[{"href":"https:\/\/restaurant-salzhaus.ch\/fr\/wp-json\/wp\/v2\/types\/page"}],"author":[{"embeddable":true,"href":"https:\/\/restaurant-salzhaus.ch\/fr\/wp-json\/wp\/v2\/users\/1"}],"replies":[{"embeddable":true,"href":"https:\/\/restaurant-salzhaus.ch\/fr\/wp-json\/wp\/v2\/comments?post=4172"}],"version-history":[{"count":7,"href":"https:\/\/restaurant-salzhaus.ch\/fr\/wp-json\/wp\/v2\/pages\/4172\/revisions"}],"predecessor-version":[{"id":4851,"href":"https:\/\/restaurant-salzhaus.ch\/fr\/wp-json\/wp\/v2\/pages\/4172\/revisions\/4851"}],"wp:attachment":[{"href":"https:\/\/restaurant-salzhaus.ch\/fr\/wp-json\/wp\/v2\/media?parent=4172"}],"curies":[{"name":"wp","href":"https:\/\/api.w.org\/{rel}","templated":true}]}}