{"id":4178,"date":"2021-10-05T11:59:18","date_gmt":"2021-10-05T11:59:18","guid":{"rendered":"https:\/\/restaurant-salzhaus.ch\/oeffnungszeiten\/"},"modified":"2025-08-27T15:44:09","modified_gmt":"2025-08-27T15:44:09","slug":"horaires-douverture","status":"publish","type":"page","link":"https:\/\/restaurant-salzhaus.ch\/fr\/horaires-douverture\/","title":{"rendered":"Horaires d&#8217;ouverture"},"content":{"rendered":"","protected":false},"excerpt":{"rendered":"","protected":false},"author":2,"featured_media":0,"parent":0,"menu_order":57,"comment_status":"closed","ping_status":"closed","template":"views\/template-custom.blade.php","meta":{"_acf_changed":false,"inline_featured_image":false},"class_list":["post-4178","page","type-page","status-publish","hentry"],"acf":{"text-header":{"text":""},"text_header":{"text-header":{"text":""}},"elements":[{"acf_fc_layout":"image-text-teaser","image-text-teaser":{"placement-image":"left","background":"false","":null,"text":"<h3>Horaires d&#8217;ouverture<\/h3>\n<p><strong>Lundi au vendredi<\/strong> : de 11h30 \u00e0 14h00 et de nouveau de 18h00 jusqu&#8217;\u00e0 la fin de la soir\u00e9e<br \/>\n<strong>Samedi :<\/strong> de 11h30 \u00e0 14h30 et de nouveau \u00e0 partir de 18h00 jusqu&#8217;\u00e0 la fin de la soir\u00e9e<\/p>\n<p><strong>Dimanche: <\/strong>de 12h00 \u00e0 14h30 et de nouveau \u00e0 partir de 17h30 jusqu&#8217;\u00e0 la fin de la soir\u00e9e, cuisine jusqu&#8217;\u00e0 environ 20h30<\/p>\n<p>&nbsp;<\/p>\n<p>Les heures d\u2019ouverture peuvent \u00eatre diff\u00e9rentes pendant les jours f\u00e9ri\u00e9s ou les occasions sp\u00e9ciales. Veuillez consulter la <a href=\"https:\/\/restaurant-salzhaus.ch\/oeffnungszeiten\/\">page allemande<\/a> pour conna\u00eetre les heures d\u2019ouverture actuelles.<\/p>\n","link":"","image":{"ID":5194,"id":5194,"title":"Salzhaus_Gastraum_3-aspect-ratio-630-630","filename":"Salzhaus_Gastraum_3-aspect-ratio-630-630-2.jpg","filesize":538414,"url":"https:\/\/restaurant-salzhaus.ch\/app\/uploads\/2022\/12\/Salzhaus_Gastraum_3-aspect-ratio-630-630-2.jpg","link":"https:\/\/restaurant-salzhaus.ch\/fr\/horaires-douverture\/salzhaus_gastraum_3-aspect-ratio-630-630\/","alt":"","author":"4","description":"","caption":"","name":"salzhaus_gastraum_3-aspect-ratio-630-630","status":"inherit","uploaded_to":4178,"date":"2022-12-13 13:00:30","modified":"2022-12-13 13:01:09","menu_order":0,"mime_type":"image\/jpeg","type":"image","subtype":"jpeg","icon":"https:\/\/restaurant-salzhaus.ch\/wp\/wp-includes\/images\/media\/default.png","width":1667,"height":1667,"sizes":{"thumbnail":"https:\/\/restaurant-salzhaus.ch\/app\/uploads\/2022\/12\/Salzhaus_Gastraum_3-aspect-ratio-630-630-2-150x150.jpg","thumbnail-width":150,"thumbnail-height":150,"medium":"https:\/\/restaurant-salzhaus.ch\/app\/uploads\/2022\/12\/Salzhaus_Gastraum_3-aspect-ratio-630-630-2-300x300.jpg","medium-width":300,"medium-height":300,"medium_large":"https:\/\/restaurant-salzhaus.ch\/app\/uploads\/2022\/12\/Salzhaus_Gastraum_3-aspect-ratio-630-630-2-768x768.jpg","medium_large-width":768,"medium_large-height":768,"large":"https:\/\/restaurant-salzhaus.ch\/app\/uploads\/2022\/12\/Salzhaus_Gastraum_3-aspect-ratio-630-630-2-1024x1024.jpg","large-width":1024,"large-height":1024,"1536x1536":"https:\/\/restaurant-salzhaus.ch\/app\/uploads\/2022\/12\/Salzhaus_Gastraum_3-aspect-ratio-630-630-2-1536x1536.jpg","1536x1536-width":1536,"1536x1536-height":1536,"2048x2048":"https:\/\/restaurant-salzhaus.ch\/app\/uploads\/2022\/12\/Salzhaus_Gastraum_3-aspect-ratio-630-630-2.jpg","2048x2048-width":1667,"2048x2048-height":1667},"original_image":{"ID":5114,"id":5114,"title":"Salzhaus_Gastraum_3","filename":"Salzhaus_Gastraum_3.jpg","filesize":501738,"url":"https:\/\/restaurant-salzhaus.ch\/app\/uploads\/2022\/12\/Salzhaus_Gastraum_3.jpg","link":"https:\/\/restaurant-salzhaus.ch\/fr\/home\/salzhaus_gastraum_3-2\/","alt":"","author":"4","description":"","caption":"","name":"salzhaus_gastraum_3-2","status":"inherit","uploaded_to":4154,"date":"2022-12-13 10:35:53","modified":"2022-12-13 10:35:53","menu_order":0,"mime_type":"image\/jpeg","type":"image","subtype":"jpeg","icon":"https:\/\/restaurant-salzhaus.ch\/wp\/wp-includes\/images\/media\/default.png","width":2500,"height":1667,"sizes":{"thumbnail":"https:\/\/restaurant-salzhaus.ch\/app\/uploads\/2022\/12\/Salzhaus_Gastraum_3-150x150.jpg","thumbnail-width":150,"thumbnail-height":150,"medium":"https:\/\/restaurant-salzhaus.ch\/app\/uploads\/2022\/12\/Salzhaus_Gastraum_3-300x200.jpg","medium-width":300,"medium-height":200,"medium_large":"https:\/\/restaurant-salzhaus.ch\/app\/uploads\/2022\/12\/Salzhaus_Gastraum_3-768x512.jpg","medium_large-width":768,"medium_large-height":512,"large":"https:\/\/restaurant-salzhaus.ch\/app\/uploads\/2022\/12\/Salzhaus_Gastraum_3-1024x683.jpg","large-width":1024,"large-height":683,"1536x1536":"https:\/\/restaurant-salzhaus.ch\/app\/uploads\/2022\/12\/Salzhaus_Gastraum_3-1536x1024.jpg","1536x1536-width":1536,"1536x1536-height":1024,"2048x2048":"https:\/\/restaurant-salzhaus.ch\/app\/uploads\/2022\/12\/Salzhaus_Gastraum_3-2048x1366.jpg","2048x2048-width":2048,"2048x2048-height":1366}}},"image-mobile":{"ID":5197,"id":5197,"title":"Salzhaus_Gastraum_3-aspect-ratio-630-756","filename":"Salzhaus_Gastraum_3-aspect-ratio-630-756-3.jpg","filesize":436693,"url":"https:\/\/restaurant-salzhaus.ch\/app\/uploads\/2022\/12\/Salzhaus_Gastraum_3-aspect-ratio-630-756-3.jpg","link":"https:\/\/restaurant-salzhaus.ch\/fr\/horaires-douverture\/salzhaus_gastraum_3-aspect-ratio-630-756\/","alt":"","author":"4","description":"","caption":"","name":"salzhaus_gastraum_3-aspect-ratio-630-756","status":"inherit","uploaded_to":4178,"date":"2022-12-13 13:00:56","modified":"2022-12-13 13:01:09","menu_order":0,"mime_type":"image\/jpeg","type":"image","subtype":"jpeg","icon":"https:\/\/restaurant-salzhaus.ch\/wp\/wp-includes\/images\/media\/default.png","width":1390,"height":1667,"sizes":{"thumbnail":"https:\/\/restaurant-salzhaus.ch\/app\/uploads\/2022\/12\/Salzhaus_Gastraum_3-aspect-ratio-630-756-3-150x150.jpg","thumbnail-width":150,"thumbnail-height":150,"medium":"https:\/\/restaurant-salzhaus.ch\/app\/uploads\/2022\/12\/Salzhaus_Gastraum_3-aspect-ratio-630-756-3-250x300.jpg","medium-width":250,"medium-height":300,"medium_large":"https:\/\/restaurant-salzhaus.ch\/app\/uploads\/2022\/12\/Salzhaus_Gastraum_3-aspect-ratio-630-756-3-768x921.jpg","medium_large-width":768,"medium_large-height":921,"large":"https:\/\/restaurant-salzhaus.ch\/app\/uploads\/2022\/12\/Salzhaus_Gastraum_3-aspect-ratio-630-756-3-854x1024.jpg","large-width":854,"large-height":1024,"1536x1536":"https:\/\/restaurant-salzhaus.ch\/app\/uploads\/2022\/12\/Salzhaus_Gastraum_3-aspect-ratio-630-756-3-1281x1536.jpg","1536x1536-width":1281,"1536x1536-height":1536,"2048x2048":"https:\/\/restaurant-salzhaus.ch\/app\/uploads\/2022\/12\/Salzhaus_Gastraum_3-aspect-ratio-630-756-3.jpg","2048x2048-width":1390,"2048x2048-height":1667},"original_image":{"ID":5114,"id":5114,"title":"Salzhaus_Gastraum_3","filename":"Salzhaus_Gastraum_3.jpg","filesize":501738,"url":"https:\/\/restaurant-salzhaus.ch\/app\/uploads\/2022\/12\/Salzhaus_Gastraum_3.jpg","link":"https:\/\/restaurant-salzhaus.ch\/fr\/home\/salzhaus_gastraum_3-2\/","alt":"","author":"4","description":"","caption":"","name":"salzhaus_gastraum_3-2","status":"inherit","uploaded_to":4154,"date":"2022-12-13 10:35:53","modified":"2022-12-13 10:35:53","menu_order":0,"mime_type":"image\/jpeg","type":"image","subtype":"jpeg","icon":"https:\/\/restaurant-salzhaus.ch\/wp\/wp-includes\/images\/media\/default.png","width":2500,"height":1667,"sizes":{"thumbnail":"https:\/\/restaurant-salzhaus.ch\/app\/uploads\/2022\/12\/Salzhaus_Gastraum_3-150x150.jpg","thumbnail-width":150,"thumbnail-height":150,"medium":"https:\/\/restaurant-salzhaus.ch\/app\/uploads\/2022\/12\/Salzhaus_Gastraum_3-300x200.jpg","medium-width":300,"medium-height":200,"medium_large":"https:\/\/restaurant-salzhaus.ch\/app\/uploads\/2022\/12\/Salzhaus_Gastraum_3-768x512.jpg","medium_large-width":768,"medium_large-height":512,"large":"https:\/\/restaurant-salzhaus.ch\/app\/uploads\/2022\/12\/Salzhaus_Gastraum_3-1024x683.jpg","large-width":1024,"large-height":683,"1536x1536":"https:\/\/restaurant-salzhaus.ch\/app\/uploads\/2022\/12\/Salzhaus_Gastraum_3-1536x1024.jpg","1536x1536-width":1536,"1536x1536-height":1024,"2048x2048":"https:\/\/restaurant-salzhaus.ch\/app\/uploads\/2022\/12\/Salzhaus_Gastraum_3-2048x1366.jpg","2048x2048-width":2048,"2048x2048-height":1366}}},"show_additional_images":false,"additional_images":false,"cta-show":true,"cta":{"link":{"title":"R\u00e9server une table","url":"https:\/\/mytools.aleno.me\/reservations\/v2.0\/reservations.html?k=eyJrIjoid2l2dTVrM2lsNm15cnBiOWlwdzZ4bmViajhycnVkaWRpZ280bGZwODBsbzlhNGlweTEiLCJsIjoiZGUiLCJyIjoianFYazk1d2JHMld3RFA4YnUiLCJzIjoiaHR0cHM6Ly9teXRvb2xzLmFsZW5vLm1lLyJ9&shifts=Mittag,Abend,Japanese%20Fusion,Silvester&paxMax=20&paxLimit=true&locale=fr","target":"_blank"},"icon":"restaurant"}}}],"home_elements":{"elements":[{"acf_fc_layout":"image-text-teaser","image-text-teaser":{"placement-image":"left","background":"false","":null,"text":"<h3>Horaires d&#8217;ouverture<\/h3>\n<p><strong>Lundi au vendredi<\/strong> : de 11h30 \u00e0 14h00 et de nouveau de 18h00 jusqu&#8217;\u00e0 la fin de la soir\u00e9e<br \/>\n<strong>Samedi :<\/strong> de 11h30 \u00e0 14h30 et de nouveau \u00e0 partir de 18h00 jusqu&#8217;\u00e0 la fin de la soir\u00e9e<\/p>\n<p><strong>Dimanche: <\/strong>de 12h00 \u00e0 14h30 et de nouveau \u00e0 partir de 17h30 jusqu&#8217;\u00e0 la fin de la soir\u00e9e, cuisine jusqu&#8217;\u00e0 environ 20h30<\/p>\n<p>&nbsp;<\/p>\n<p>Les heures d\u2019ouverture peuvent \u00eatre diff\u00e9rentes pendant les jours f\u00e9ri\u00e9s ou les occasions sp\u00e9ciales. Veuillez consulter la <a href=\"https:\/\/restaurant-salzhaus.ch\/oeffnungszeiten\/\">page allemande<\/a> pour conna\u00eetre les heures d\u2019ouverture actuelles.<\/p>\n","link":"","image":{"ID":5194,"id":5194,"title":"Salzhaus_Gastraum_3-aspect-ratio-630-630","filename":"Salzhaus_Gastraum_3-aspect-ratio-630-630-2.jpg","filesize":538414,"url":"https:\/\/restaurant-salzhaus.ch\/app\/uploads\/2022\/12\/Salzhaus_Gastraum_3-aspect-ratio-630-630-2.jpg","link":"https:\/\/restaurant-salzhaus.ch\/fr\/horaires-douverture\/salzhaus_gastraum_3-aspect-ratio-630-630\/","alt":"","author":"4","description":"","caption":"","name":"salzhaus_gastraum_3-aspect-ratio-630-630","status":"inherit","uploaded_to":4178,"date":"2022-12-13 13:00:30","modified":"2022-12-13 13:01:09","menu_order":0,"mime_type":"image\/jpeg","type":"image","subtype":"jpeg","icon":"https:\/\/restaurant-salzhaus.ch\/wp\/wp-includes\/images\/media\/default.png","width":1667,"height":1667,"sizes":{"thumbnail":"https:\/\/restaurant-salzhaus.ch\/app\/uploads\/2022\/12\/Salzhaus_Gastraum_3-aspect-ratio-630-630-2-150x150.jpg","thumbnail-width":150,"thumbnail-height":150,"medium":"https:\/\/restaurant-salzhaus.ch\/app\/uploads\/2022\/12\/Salzhaus_Gastraum_3-aspect-ratio-630-630-2-300x300.jpg","medium-width":300,"medium-height":300,"medium_large":"https:\/\/restaurant-salzhaus.ch\/app\/uploads\/2022\/12\/Salzhaus_Gastraum_3-aspect-ratio-630-630-2-768x768.jpg","medium_large-width":768,"medium_large-height":768,"large":"https:\/\/restaurant-salzhaus.ch\/app\/uploads\/2022\/12\/Salzhaus_Gastraum_3-aspect-ratio-630-630-2-1024x1024.jpg","large-width":1024,"large-height":1024,"1536x1536":"https:\/\/restaurant-salzhaus.ch\/app\/uploads\/2022\/12\/Salzhaus_Gastraum_3-aspect-ratio-630-630-2-1536x1536.jpg","1536x1536-width":1536,"1536x1536-height":1536,"2048x2048":"https:\/\/restaurant-salzhaus.ch\/app\/uploads\/2022\/12\/Salzhaus_Gastraum_3-aspect-ratio-630-630-2.jpg","2048x2048-width":1667,"2048x2048-height":1667},"original_image":{"ID":5114,"id":5114,"title":"Salzhaus_Gastraum_3","filename":"Salzhaus_Gastraum_3.jpg","filesize":501738,"url":"https:\/\/restaurant-salzhaus.ch\/app\/uploads\/2022\/12\/Salzhaus_Gastraum_3.jpg","link":"https:\/\/restaurant-salzhaus.ch\/fr\/home\/salzhaus_gastraum_3-2\/","alt":"","author":"4","description":"","caption":"","name":"salzhaus_gastraum_3-2","status":"inherit","uploaded_to":4154,"date":"2022-12-13 10:35:53","modified":"2022-12-13 10:35:53","menu_order":0,"mime_type":"image\/jpeg","type":"image","subtype":"jpeg","icon":"https:\/\/restaurant-salzhaus.ch\/wp\/wp-includes\/images\/media\/default.png","width":2500,"height":1667,"sizes":{"thumbnail":"https:\/\/restaurant-salzhaus.ch\/app\/uploads\/2022\/12\/Salzhaus_Gastraum_3-150x150.jpg","thumbnail-width":150,"thumbnail-height":150,"medium":"https:\/\/restaurant-salzhaus.ch\/app\/uploads\/2022\/12\/Salzhaus_Gastraum_3-300x200.jpg","medium-width":300,"medium-height":200,"medium_large":"https:\/\/restaurant-salzhaus.ch\/app\/uploads\/2022\/12\/Salzhaus_Gastraum_3-768x512.jpg","medium_large-width":768,"medium_large-height":512,"large":"https:\/\/restaurant-salzhaus.ch\/app\/uploads\/2022\/12\/Salzhaus_Gastraum_3-1024x683.jpg","large-width":1024,"large-height":683,"1536x1536":"https:\/\/restaurant-salzhaus.ch\/app\/uploads\/2022\/12\/Salzhaus_Gastraum_3-1536x1024.jpg","1536x1536-width":1536,"1536x1536-height":1024,"2048x2048":"https:\/\/restaurant-salzhaus.ch\/app\/uploads\/2022\/12\/Salzhaus_Gastraum_3-2048x1366.jpg","2048x2048-width":2048,"2048x2048-height":1366}}},"image-mobile":{"ID":5197,"id":5197,"title":"Salzhaus_Gastraum_3-aspect-ratio-630-756","filename":"Salzhaus_Gastraum_3-aspect-ratio-630-756-3.jpg","filesize":436693,"url":"https:\/\/restaurant-salzhaus.ch\/app\/uploads\/2022\/12\/Salzhaus_Gastraum_3-aspect-ratio-630-756-3.jpg","link":"https:\/\/restaurant-salzhaus.ch\/fr\/horaires-douverture\/salzhaus_gastraum_3-aspect-ratio-630-756\/","alt":"","author":"4","description":"","caption":"","name":"salzhaus_gastraum_3-aspect-ratio-630-756","status":"inherit","uploaded_to":4178,"date":"2022-12-13 13:00:56","modified":"2022-12-13 13:01:09","menu_order":0,"mime_type":"image\/jpeg","type":"image","subtype":"jpeg","icon":"https:\/\/restaurant-salzhaus.ch\/wp\/wp-includes\/images\/media\/default.png","width":1390,"height":1667,"sizes":{"thumbnail":"https:\/\/restaurant-salzhaus.ch\/app\/uploads\/2022\/12\/Salzhaus_Gastraum_3-aspect-ratio-630-756-3-150x150.jpg","thumbnail-width":150,"thumbnail-height":150,"medium":"https:\/\/restaurant-salzhaus.ch\/app\/uploads\/2022\/12\/Salzhaus_Gastraum_3-aspect-ratio-630-756-3-250x300.jpg","medium-width":250,"medium-height":300,"medium_large":"https:\/\/restaurant-salzhaus.ch\/app\/uploads\/2022\/12\/Salzhaus_Gastraum_3-aspect-ratio-630-756-3-768x921.jpg","medium_large-width":768,"medium_large-height":921,"large":"https:\/\/restaurant-salzhaus.ch\/app\/uploads\/2022\/12\/Salzhaus_Gastraum_3-aspect-ratio-630-756-3-854x1024.jpg","large-width":854,"large-height":1024,"1536x1536":"https:\/\/restaurant-salzhaus.ch\/app\/uploads\/2022\/12\/Salzhaus_Gastraum_3-aspect-ratio-630-756-3-1281x1536.jpg","1536x1536-width":1281,"1536x1536-height":1536,"2048x2048":"https:\/\/restaurant-salzhaus.ch\/app\/uploads\/2022\/12\/Salzhaus_Gastraum_3-aspect-ratio-630-756-3.jpg","2048x2048-width":1390,"2048x2048-height":1667},"original_image":{"ID":5114,"id":5114,"title":"Salzhaus_Gastraum_3","filename":"Salzhaus_Gastraum_3.jpg","filesize":501738,"url":"https:\/\/restaurant-salzhaus.ch\/app\/uploads\/2022\/12\/Salzhaus_Gastraum_3.jpg","link":"https:\/\/restaurant-salzhaus.ch\/fr\/home\/salzhaus_gastraum_3-2\/","alt":"","author":"4","description":"","caption":"","name":"salzhaus_gastraum_3-2","status":"inherit","uploaded_to":4154,"date":"2022-12-13 10:35:53","modified":"2022-12-13 10:35:53","menu_order":0,"mime_type":"image\/jpeg","type":"image","subtype":"jpeg","icon":"https:\/\/restaurant-salzhaus.ch\/wp\/wp-includes\/images\/media\/default.png","width":2500,"height":1667,"sizes":{"thumbnail":"https:\/\/restaurant-salzhaus.ch\/app\/uploads\/2022\/12\/Salzhaus_Gastraum_3-150x150.jpg","thumbnail-width":150,"thumbnail-height":150,"medium":"https:\/\/restaurant-salzhaus.ch\/app\/uploads\/2022\/12\/Salzhaus_Gastraum_3-300x200.jpg","medium-width":300,"medium-height":200,"medium_large":"https:\/\/restaurant-salzhaus.ch\/app\/uploads\/2022\/12\/Salzhaus_Gastraum_3-768x512.jpg","medium_large-width":768,"medium_large-height":512,"large":"https:\/\/restaurant-salzhaus.ch\/app\/uploads\/2022\/12\/Salzhaus_Gastraum_3-1024x683.jpg","large-width":1024,"large-height":683,"1536x1536":"https:\/\/restaurant-salzhaus.ch\/app\/uploads\/2022\/12\/Salzhaus_Gastraum_3-1536x1024.jpg","1536x1536-width":1536,"1536x1536-height":1024,"2048x2048":"https:\/\/restaurant-salzhaus.ch\/app\/uploads\/2022\/12\/Salzhaus_Gastraum_3-2048x1366.jpg","2048x2048-width":2048,"2048x2048-height":1366}}},"show_additional_images":false,"additional_images":false,"cta-show":true,"cta":{"link":{"title":"R\u00e9server une table","url":"https:\/\/mytools.aleno.me\/reservations\/v2.0\/reservations.html?k=eyJrIjoid2l2dTVrM2lsNm15cnBiOWlwdzZ4bmViajhycnVkaWRpZ280bGZwODBsbzlhNGlweTEiLCJsIjoiZGUiLCJyIjoianFYazk1d2JHMld3RFA4YnUiLCJzIjoiaHR0cHM6Ly9teXRvb2xzLmFsZW5vLm1lLyJ9&shifts=Mittag,Abend,Japanese%20Fusion,Silvester&paxMax=20&paxLimit=true&locale=fr","target":"_blank"},"icon":"restaurant"}}}]},"seo":{"active":true,"title":"","text":"","image":false,"keywords":""},"subpage_entry":{"title":"<p>\u00d6ffnungszeiten<\/p>\n","text-sections":[{"subtitle":"","text":"<h2 style=\"text-align: left;\">Le Restaurant<\/h2>\n<p style=\"text-align: left;\">Montag bis Samstag<br \/>\n12 bis 14 Uhr<br \/>\n18 bis 22 Uhr<\/p>\n<p>&nbsp;<\/p>\n<p>Sonntag Ruhetag: Wir empfehlen Ihnen den Besuch einen unserer sch\u00f6nen Partnerbetriebe <a href=\"https:\/\/www.baseltor.ch\/\" target=\"_blank\" rel=\"noopener\">Baseltor<\/a>, <a href=\"https:\/\/www.solheure.ch\/\" target=\"_blank\" rel=\"noopener\">Solheure<\/a> oder <a href=\"https:\/\/www.restaurant-salzhaus.ch\/\" target=\"_blank\" rel=\"noopener\">Salzhaus<\/a><\/p>\n<p>&nbsp;<\/p>\n<p>&nbsp;<\/p>\n<h2 style=\"text-align: left;\">Bar \u00e0 Vin<\/h2>\n<p style=\"text-align: left;\">Montag bis Samstag<br \/>\n7 bis 23 Uhr<\/p>\n"}],"link-lists":false,"image-element":{"image":false,"caption":""}},"subpage_elements":{"elements":[{"acf_fc_layout":"image-text-teaser","image-text-teaser":{"placement-image":"left","background":"false","":null,"text":"<h3>Horaires d&#8217;ouverture<\/h3>\n<p><strong>Lundi au vendredi<\/strong> : de 11h30 \u00e0 14h00 et de nouveau de 18h00 jusqu&#8217;\u00e0 la fin de la soir\u00e9e<br \/>\n<strong>Samedi :<\/strong> de 11h30 \u00e0 14h30 et de nouveau \u00e0 partir de 18h00 jusqu&#8217;\u00e0 la fin de la soir\u00e9e<\/p>\n<p><strong>Dimanche: <\/strong>de 12h00 \u00e0 14h30 et de nouveau \u00e0 partir de 17h30 jusqu&#8217;\u00e0 la fin de la soir\u00e9e, cuisine jusqu&#8217;\u00e0 environ 20h30<\/p>\n<p>&nbsp;<\/p>\n<p>Les heures d\u2019ouverture peuvent \u00eatre diff\u00e9rentes pendant les jours f\u00e9ri\u00e9s ou les occasions sp\u00e9ciales. Veuillez consulter la <a href=\"https:\/\/restaurant-salzhaus.ch\/oeffnungszeiten\/\">page allemande<\/a> pour conna\u00eetre les heures d\u2019ouverture actuelles.<\/p>\n","link":"","image":{"ID":5194,"id":5194,"title":"Salzhaus_Gastraum_3-aspect-ratio-630-630","filename":"Salzhaus_Gastraum_3-aspect-ratio-630-630-2.jpg","filesize":538414,"url":"https:\/\/restaurant-salzhaus.ch\/app\/uploads\/2022\/12\/Salzhaus_Gastraum_3-aspect-ratio-630-630-2.jpg","link":"https:\/\/restaurant-salzhaus.ch\/fr\/horaires-douverture\/salzhaus_gastraum_3-aspect-ratio-630-630\/","alt":"","author":"4","description":"","caption":"","name":"salzhaus_gastraum_3-aspect-ratio-630-630","status":"inherit","uploaded_to":4178,"date":"2022-12-13 13:00:30","modified":"2022-12-13 13:01:09","menu_order":0,"mime_type":"image\/jpeg","type":"image","subtype":"jpeg","icon":"https:\/\/restaurant-salzhaus.ch\/wp\/wp-includes\/images\/media\/default.png","width":1667,"height":1667,"sizes":{"thumbnail":"https:\/\/restaurant-salzhaus.ch\/app\/uploads\/2022\/12\/Salzhaus_Gastraum_3-aspect-ratio-630-630-2-150x150.jpg","thumbnail-width":150,"thumbnail-height":150,"medium":"https:\/\/restaurant-salzhaus.ch\/app\/uploads\/2022\/12\/Salzhaus_Gastraum_3-aspect-ratio-630-630-2-300x300.jpg","medium-width":300,"medium-height":300,"medium_large":"https:\/\/restaurant-salzhaus.ch\/app\/uploads\/2022\/12\/Salzhaus_Gastraum_3-aspect-ratio-630-630-2-768x768.jpg","medium_large-width":768,"medium_large-height":768,"large":"https:\/\/restaurant-salzhaus.ch\/app\/uploads\/2022\/12\/Salzhaus_Gastraum_3-aspect-ratio-630-630-2-1024x1024.jpg","large-width":1024,"large-height":1024,"1536x1536":"https:\/\/restaurant-salzhaus.ch\/app\/uploads\/2022\/12\/Salzhaus_Gastraum_3-aspect-ratio-630-630-2-1536x1536.jpg","1536x1536-width":1536,"1536x1536-height":1536,"2048x2048":"https:\/\/restaurant-salzhaus.ch\/app\/uploads\/2022\/12\/Salzhaus_Gastraum_3-aspect-ratio-630-630-2.jpg","2048x2048-width":1667,"2048x2048-height":1667},"original_image":{"ID":5114,"id":5114,"title":"Salzhaus_Gastraum_3","filename":"Salzhaus_Gastraum_3.jpg","filesize":501738,"url":"https:\/\/restaurant-salzhaus.ch\/app\/uploads\/2022\/12\/Salzhaus_Gastraum_3.jpg","link":"https:\/\/restaurant-salzhaus.ch\/fr\/home\/salzhaus_gastraum_3-2\/","alt":"","author":"4","description":"","caption":"","name":"salzhaus_gastraum_3-2","status":"inherit","uploaded_to":4154,"date":"2022-12-13 10:35:53","modified":"2022-12-13 10:35:53","menu_order":0,"mime_type":"image\/jpeg","type":"image","subtype":"jpeg","icon":"https:\/\/restaurant-salzhaus.ch\/wp\/wp-includes\/images\/media\/default.png","width":2500,"height":1667,"sizes":{"thumbnail":"https:\/\/restaurant-salzhaus.ch\/app\/uploads\/2022\/12\/Salzhaus_Gastraum_3-150x150.jpg","thumbnail-width":150,"thumbnail-height":150,"medium":"https:\/\/restaurant-salzhaus.ch\/app\/uploads\/2022\/12\/Salzhaus_Gastraum_3-300x200.jpg","medium-width":300,"medium-height":200,"medium_large":"https:\/\/restaurant-salzhaus.ch\/app\/uploads\/2022\/12\/Salzhaus_Gastraum_3-768x512.jpg","medium_large-width":768,"medium_large-height":512,"large":"https:\/\/restaurant-salzhaus.ch\/app\/uploads\/2022\/12\/Salzhaus_Gastraum_3-1024x683.jpg","large-width":1024,"large-height":683,"1536x1536":"https:\/\/restaurant-salzhaus.ch\/app\/uploads\/2022\/12\/Salzhaus_Gastraum_3-1536x1024.jpg","1536x1536-width":1536,"1536x1536-height":1024,"2048x2048":"https:\/\/restaurant-salzhaus.ch\/app\/uploads\/2022\/12\/Salzhaus_Gastraum_3-2048x1366.jpg","2048x2048-width":2048,"2048x2048-height":1366}}},"image-mobile":{"ID":5197,"id":5197,"title":"Salzhaus_Gastraum_3-aspect-ratio-630-756","filename":"Salzhaus_Gastraum_3-aspect-ratio-630-756-3.jpg","filesize":436693,"url":"https:\/\/restaurant-salzhaus.ch\/app\/uploads\/2022\/12\/Salzhaus_Gastraum_3-aspect-ratio-630-756-3.jpg","link":"https:\/\/restaurant-salzhaus.ch\/fr\/horaires-douverture\/salzhaus_gastraum_3-aspect-ratio-630-756\/","alt":"","author":"4","description":"","caption":"","name":"salzhaus_gastraum_3-aspect-ratio-630-756","status":"inherit","uploaded_to":4178,"date":"2022-12-13 13:00:56","modified":"2022-12-13 13:01:09","menu_order":0,"mime_type":"image\/jpeg","type":"image","subtype":"jpeg","icon":"https:\/\/restaurant-salzhaus.ch\/wp\/wp-includes\/images\/media\/default.png","width":1390,"height":1667,"sizes":{"thumbnail":"https:\/\/restaurant-salzhaus.ch\/app\/uploads\/2022\/12\/Salzhaus_Gastraum_3-aspect-ratio-630-756-3-150x150.jpg","thumbnail-width":150,"thumbnail-height":150,"medium":"https:\/\/restaurant-salzhaus.ch\/app\/uploads\/2022\/12\/Salzhaus_Gastraum_3-aspect-ratio-630-756-3-250x300.jpg","medium-width":250,"medium-height":300,"medium_large":"https:\/\/restaurant-salzhaus.ch\/app\/uploads\/2022\/12\/Salzhaus_Gastraum_3-aspect-ratio-630-756-3-768x921.jpg","medium_large-width":768,"medium_large-height":921,"large":"https:\/\/restaurant-salzhaus.ch\/app\/uploads\/2022\/12\/Salzhaus_Gastraum_3-aspect-ratio-630-756-3-854x1024.jpg","large-width":854,"large-height":1024,"1536x1536":"https:\/\/restaurant-salzhaus.ch\/app\/uploads\/2022\/12\/Salzhaus_Gastraum_3-aspect-ratio-630-756-3-1281x1536.jpg","1536x1536-width":1281,"1536x1536-height":1536,"2048x2048":"https:\/\/restaurant-salzhaus.ch\/app\/uploads\/2022\/12\/Salzhaus_Gastraum_3-aspect-ratio-630-756-3.jpg","2048x2048-width":1390,"2048x2048-height":1667},"original_image":{"ID":5114,"id":5114,"title":"Salzhaus_Gastraum_3","filename":"Salzhaus_Gastraum_3.jpg","filesize":501738,"url":"https:\/\/restaurant-salzhaus.ch\/app\/uploads\/2022\/12\/Salzhaus_Gastraum_3.jpg","link":"https:\/\/restaurant-salzhaus.ch\/fr\/home\/salzhaus_gastraum_3-2\/","alt":"","author":"4","description":"","caption":"","name":"salzhaus_gastraum_3-2","status":"inherit","uploaded_to":4154,"date":"2022-12-13 10:35:53","modified":"2022-12-13 10:35:53","menu_order":0,"mime_type":"image\/jpeg","type":"image","subtype":"jpeg","icon":"https:\/\/restaurant-salzhaus.ch\/wp\/wp-includes\/images\/media\/default.png","width":2500,"height":1667,"sizes":{"thumbnail":"https:\/\/restaurant-salzhaus.ch\/app\/uploads\/2022\/12\/Salzhaus_Gastraum_3-150x150.jpg","thumbnail-width":150,"thumbnail-height":150,"medium":"https:\/\/restaurant-salzhaus.ch\/app\/uploads\/2022\/12\/Salzhaus_Gastraum_3-300x200.jpg","medium-width":300,"medium-height":200,"medium_large":"https:\/\/restaurant-salzhaus.ch\/app\/uploads\/2022\/12\/Salzhaus_Gastraum_3-768x512.jpg","medium_large-width":768,"medium_large-height":512,"large":"https:\/\/restaurant-salzhaus.ch\/app\/uploads\/2022\/12\/Salzhaus_Gastraum_3-1024x683.jpg","large-width":1024,"large-height":683,"1536x1536":"https:\/\/restaurant-salzhaus.ch\/app\/uploads\/2022\/12\/Salzhaus_Gastraum_3-1536x1024.jpg","1536x1536-width":1536,"1536x1536-height":1024,"2048x2048":"https:\/\/restaurant-salzhaus.ch\/app\/uploads\/2022\/12\/Salzhaus_Gastraum_3-2048x1366.jpg","2048x2048-width":2048,"2048x2048-height":1366}}},"show_additional_images":false,"additional_images":false,"cta-show":true,"cta":{"link":{"title":"R\u00e9server une table","url":"https:\/\/mytools.aleno.me\/reservations\/v2.0\/reservations.html?k=eyJrIjoid2l2dTVrM2lsNm15cnBiOWlwdzZ4bmViajhycnVkaWRpZ280bGZwODBsbzlhNGlweTEiLCJsIjoiZGUiLCJyIjoianFYazk1d2JHMld3RFA4YnUiLCJzIjoiaHR0cHM6Ly9teXRvb2xzLmFsZW5vLm1lLyJ9&shifts=Mittag,Abend,Japanese%20Fusion,Silvester&paxMax=20&paxLimit=true&locale=fr","target":"_blank"},"icon":"restaurant"}}}]},"scripts-page":""},"_links":{"self":[{"href":"https:\/\/restaurant-salzhaus.ch\/fr\/wp-json\/wp\/v2\/pages\/4178","targetHints":{"allow":["GET"]}}],"collection":[{"href":"https:\/\/restaurant-salzhaus.ch\/fr\/wp-json\/wp\/v2\/pages"}],"about":[{"href":"https:\/\/restaurant-salzhaus.ch\/fr\/wp-json\/wp\/v2\/types\/page"}],"author":[{"embeddable":true,"href":"https:\/\/restaurant-salzhaus.ch\/fr\/wp-json\/wp\/v2\/users\/2"}],"replies":[{"embeddable":true,"href":"https:\/\/restaurant-salzhaus.ch\/fr\/wp-json\/wp\/v2\/comments?post=4178"}],"version-history":[{"count":64,"href":"https:\/\/restaurant-salzhaus.ch\/fr\/wp-json\/wp\/v2\/pages\/4178\/revisions"}],"predecessor-version":[{"id":6853,"href":"https:\/\/restaurant-salzhaus.ch\/fr\/wp-json\/wp\/v2\/pages\/4178\/revisions\/6853"}],"wp:attachment":[{"href":"https:\/\/restaurant-salzhaus.ch\/fr\/wp-json\/wp\/v2\/media?parent=4178"}],"curies":[{"name":"wp","href":"https:\/\/api.w.org\/{rel}","templated":true}]}}