{"id":4180,"date":"2021-10-05T11:51:35","date_gmt":"2021-10-05T11:51:35","guid":{"rendered":"https:\/\/restaurant-salzhaus.ch\/zertifikatspflicht\/"},"modified":"2021-12-20T11:20:58","modified_gmt":"2021-12-20T11:20:58","slug":"certificat-obligatoire","status":"publish","type":"page","link":"https:\/\/restaurant-salzhaus.ch\/fr\/certificat-obligatoire\/","title":{"rendered":"Certificat obligatoire"},"content":{"rendered":"","protected":false},"excerpt":{"rendered":"","protected":false},"author":2,"featured_media":0,"parent":0,"menu_order":58,"comment_status":"closed","ping_status":"closed","template":"views\/template-custom.blade.php","meta":{"_acf_changed":false,"inline_featured_image":false},"class_list":["post-4180","page","type-page","status-publish","hentry"],"acf":{"text-header":{"text":"<h1>Obligation de certificat 2G dans la restauration<\/h1>\n<p class=\"lead\">Depuis lundi 20 d\u00e9cembre, l&#8217;obligation g\u00e9n\u00e9rale d&#8217;avoir un certificat 2G Covid et de porter un masque est en vigueur dans tous les \u00e9tablissements de restauration de Soleure.<\/p>\n<p>L&#8217;acc\u00e8s n&#8217;est plus possible que pour les personnes vaccin\u00e9es ou gu\u00e9ries. Vous devez porter un masque de protection lorsque vous entrez dans le restaurant et nous sommes tenus de v\u00e9rifier la validit\u00e9 des certificats 2G de tous les clients. Pour ce faire, une pi\u00e8ce d&#8217;identit\u00e9 officielle avec photo est n\u00e9cessaire pour chaque invit\u00e9. Nous vous remercions de tenir ces deux documents \u00e0 disposition. Les r\u00e9servations de table sont possibles en ligne pour les h\u00f4tes vaccin\u00e9es ou gu\u00e9ries\u00a0munis d&#8217;un certificat 2G.<\/p>\n<p class=\"p1\">Si vous n&#8217;avez pas l&#8217;un de ces documents (certificat Covid 2G ou pi\u00e8ce d&#8217;identit\u00e9) sur vous, nous ne pourrons malheureusement pas vous accorder l&#8217;entr\u00e9e.<\/p>\n<p class=\"p1\">Nous vous remercions de votre prise de connaissance et de votre compr\u00e9hension.<\/p>\n"},"text_header":{"text-header":{"text":"<h1>Obligation de certificat 2G dans la restauration<\/h1>\n<p class=\"lead\">Depuis lundi 20 d\u00e9cembre, l&#8217;obligation g\u00e9n\u00e9rale d&#8217;avoir un certificat 2G Covid et de porter un masque est en vigueur dans tous les \u00e9tablissements de restauration de Soleure.<\/p>\n<p>L&#8217;acc\u00e8s n&#8217;est plus possible que pour les personnes vaccin\u00e9es ou gu\u00e9ries. Vous devez porter un masque de protection lorsque vous entrez dans le restaurant et nous sommes tenus de v\u00e9rifier la validit\u00e9 des certificats 2G de tous les clients. Pour ce faire, une pi\u00e8ce d&#8217;identit\u00e9 officielle avec photo est n\u00e9cessaire pour chaque invit\u00e9. Nous vous remercions de tenir ces deux documents \u00e0 disposition. Les r\u00e9servations de table sont possibles en ligne pour les h\u00f4tes vaccin\u00e9es ou gu\u00e9ries\u00a0munis d&#8217;un certificat 2G.<\/p>\n<p class=\"p1\">Si vous n&#8217;avez pas l&#8217;un de ces documents (certificat Covid 2G ou pi\u00e8ce d&#8217;identit\u00e9) sur vous, nous ne pourrons malheureusement pas vous accorder l&#8217;entr\u00e9e.<\/p>\n<p class=\"p1\">Nous vous remercions de votre prise de connaissance et de votre compr\u00e9hension.<\/p>\n"}},"elements":false,"home_elements":{"elements":false},"seo":{"active":true,"title":"","text":"","image":false,"keywords":""}},"_links":{"self":[{"href":"https:\/\/restaurant-salzhaus.ch\/fr\/wp-json\/wp\/v2\/pages\/4180","targetHints":{"allow":["GET"]}}],"collection":[{"href":"https:\/\/restaurant-salzhaus.ch\/fr\/wp-json\/wp\/v2\/pages"}],"about":[{"href":"https:\/\/restaurant-salzhaus.ch\/fr\/wp-json\/wp\/v2\/types\/page"}],"author":[{"embeddable":true,"href":"https:\/\/restaurant-salzhaus.ch\/fr\/wp-json\/wp\/v2\/users\/2"}],"replies":[{"embeddable":true,"href":"https:\/\/restaurant-salzhaus.ch\/fr\/wp-json\/wp\/v2\/comments?post=4180"}],"version-history":[{"count":4,"href":"https:\/\/restaurant-salzhaus.ch\/fr\/wp-json\/wp\/v2\/pages\/4180\/revisions"}],"predecessor-version":[{"id":4307,"href":"https:\/\/restaurant-salzhaus.ch\/fr\/wp-json\/wp\/v2\/pages\/4180\/revisions\/4307"}],"wp:attachment":[{"href":"https:\/\/restaurant-salzhaus.ch\/fr\/wp-json\/wp\/v2\/media?parent=4180"}],"curies":[{"name":"wp","href":"https:\/\/api.w.org\/{rel}","templated":true}]}}